{"id":2,"date":"2023-02-20T22:34:35","date_gmt":"2023-02-20T21:34:35","guid":{"rendered":"https:\/\/save-us.life\/?page_id=2"},"modified":"2023-02-20T22:34:35","modified_gmt":"2023-02-20T21:34:35","slug":"page-d-exemple","status":"publish","type":"page","link":"https:\/\/save-us.life\/zh\/page-d-exemple","title":{"rendered":"\u9875\u9762\u793a\u4f8b"},"content":{"rendered":"<p>\u8fd9\u662f\u4e00\u4e2a\u793a\u4f8b\u9875\u9762\u3002\u5b83\u4e0d\u540c\u4e8e\u535a\u5ba2\u6587\u7ae0\uff0c\u56e0\u4e3a\u5b83\u4ecd\u4fdd\u7559\u5728\u540c\u4e00\u4f4d\u7f6e\uff0c\u5e76\u663e\u793a\u5728\u7f51\u7ad9\u5bfc\u822a\u4e2d\uff08\u5927\u90e8\u5206\u4e3b\u9898\u4e2d\uff09\u3002\u5927\u591a\u6570\u4eba\u90fd\u662f\u4ece \"\u5efa\u8bae \"\u9875\u9762\u5f00\u59cb\u8bbf\u95ee\u7f51\u7ad9\u7684\u3002Cela pourrait ressembler \u00e0 quelque chose comme cela \uff1a<\/p>\n\n\n\n<blockquote class=\"wp-block-quote is-layout-flow wp-block-quote-is-layout-flow\"><p>Bonjour \uff01Je suis un m\u00e9canicien qui aspire \u00e0 devenir acteur, et voici mon site.\u6211\u4f4f\u5728\u6ce2\u5c14\u591a\uff0c\u6211\u6709\u4e00\u53ea\u540d\u53eb\u7f57\u7d20\uff08Russell\uff09\u7684\u8d85\u7ea7\u72d7\u72d7\uff0c\u6211\u559c\u6b22\u4f0f\u7279\u52a0\uff08\u9664\u4e86\u5728\u65e5\u5149\u6d74\u4e0b\u7684\u6d77\u6ee9\u4e0a\u6f2b\u6b65\u65f6\u88ab\u9aa4\u96e8\u60ca\u5446\u4e4b\u5916\uff09\u3002<\/p><\/blockquote>\n\n\n\n<p>......\u6216\u7c7b\u4f3c\u8fd9\u6837\u7684\u4e1c\u897f\uff1a<\/p>\n\n\n\n<blockquote class=\"wp-block-quote is-layout-flow wp-block-quote-is-layout-flow\"><p>123 Machin Truc \u516c\u53f8\u6210\u7acb\u4e8e 1971 \u5e74\uff0c\u4e00\u76f4\u81f4\u529b\u4e8e\u5411\u516c\u4f17\u63d0\u4f9b\u9ad8\u8d28\u91cf\u7684\u673a\u5e8a\u3002123 Machin Truc \u4f4d\u4e8e Saint-Remy-en-Bouzemont-Saint-Genest-et-Isson \u5e02\uff0c\u62e5\u6709 2000 \u540d\u5458\u5de5\uff0c\u4e3a\u5e03\u6cfd\u8499\u6258\u74e6\u65af\u793e\u533a\u5236\u9020\u5404\u79cd\u8d85\u7ea7\u538b\u8def\u673a\u3002<\/p><\/blockquote>\n\n\n\n<p>\u5982\u679c\u60a8\u662f WordPress \u7684\u65b0\u7528\u6237\u6216\u7528\u6237\uff0c\u8bf7\u8bbf\u95ee <a href=\"https:\/\/save-us.life\/wp-admin\/\">votre tableau de bord<\/a> pour supprimer cette page et cr\u00e9er de nouvelles pages pour votre contenu.\u795d\u60a8\u6109\u5feb \uff01<\/p>","protected":false},"excerpt":{"rendered":"<p>Ceci est une page d\u2019exemple. C\u2019est diff\u00e9rent d\u2019un article de blog parce qu\u2019elle restera au m\u00eame endroit et appara\u00eetra dans la navigation de votre site (dans la plupart des th\u00e8mes). La plupart des gens commencent par une page \u00ab\u00a0\u00c0 propos\u00a0\u00bb qui les pr\u00e9sente aux personnes visitant le site. Cela pourrait ressembler \u00e0 quelque chose comme [&hellip;]<\/p>","protected":false},"author":1,"featured_media":0,"parent":0,"menu_order":0,"comment_status":"closed","ping_status":"open","template":"","meta":{"site-container-style":"default","site-container-layout":"default","site-sidebar-layout":"default","disable-article-header":"default","disable-site-header":"default","disable-site-footer":"default","disable-content-area-spacing":"default","footnotes":""},"class_list":["post-2","page","type-page","status-publish","hentry"],"yoast_head":"<!-- This site is optimized with the Yoast SEO plugin v24.5 - https:\/\/yoast.com\/wordpress\/plugins\/seo\/ -->\n<title>Page d\u2019exemple - Save Us<\/title>\n<meta name=\"robots\" content=\"index, follow, max-snippet:-1, max-image-preview:large, max-video-preview:-1\" \/>\n<link rel=\"canonical\" href=\"https:\/\/save-us.life\/zh\/page-d-exemple\/\" \/>\n<meta property=\"og:locale\" content=\"zh_CN\" \/>\n<meta property=\"og:type\" content=\"article\" \/>\n<meta property=\"og:title\" content=\"Page d\u2019exemple - Save Us\" \/>\n<meta property=\"og:description\" content=\"Ceci est une page d\u2019exemple. C\u2019est diff\u00e9rent d\u2019un article de blog parce qu\u2019elle restera au m\u00eame endroit et appara\u00eetra dans la navigation de votre site (dans la plupart des th\u00e8mes). La plupart des gens commencent par une page \u00ab\u00a0\u00c0 propos\u00a0\u00bb qui les pr\u00e9sente aux personnes visitant le site. Cela pourrait ressembler \u00e0 quelque chose comme [&hellip;]\" \/>\n<meta property=\"og:url\" content=\"https:\/\/save-us.life\/zh\/page-d-exemple\/\" \/>\n<meta property=\"og:site_name\" content=\"Save Us\" \/>\n<meta name=\"twitter:card\" content=\"summary_large_image\" \/>\n<meta name=\"twitter:label1\" content=\"\u9884\u8ba1\u9605\u8bfb\u65f6\u95f4\" \/>\n\t<meta name=\"twitter:data1\" content=\"1 \u5206\" \/>\n<script type=\"application\/ld+json\" class=\"yoast-schema-graph\">{\"@context\":\"https:\/\/schema.org\",\"@graph\":[{\"@type\":\"WebPage\",\"@id\":\"https:\/\/save-us.life\/page-d-exemple\",\"url\":\"https:\/\/save-us.life\/page-d-exemple\",\"name\":\"Page d\u2019exemple - Save Us\",\"isPartOf\":{\"@id\":\"https:\/\/save-us.life\/zh\/#website\"},\"datePublished\":\"2023-02-20T21:34:35+00:00\",\"breadcrumb\":{\"@id\":\"https:\/\/save-us.life\/page-d-exemple#breadcrumb\"},\"inLanguage\":\"zh-Hans\",\"potentialAction\":[{\"@type\":\"ReadAction\",\"target\":[\"https:\/\/save-us.life\/page-d-exemple\"]}]},{\"@type\":\"BreadcrumbList\",\"@id\":\"https:\/\/save-us.life\/page-d-exemple#breadcrumb\",\"itemListElement\":[{\"@type\":\"ListItem\",\"position\":1,\"name\":\"Home\",\"item\":\"https:\/\/save-us.life\/zh\/\"},{\"@type\":\"ListItem\",\"position\":2,\"name\":\"Page d\u2019exemple\"}]},{\"@type\":\"WebSite\",\"@id\":\"https:\/\/save-us.life\/zh\/#website\",\"url\":\"https:\/\/save-us.life\/zh\/\",\"name\":\"Save Us\",\"description\":\"\",\"publisher\":{\"@id\":\"https:\/\/save-us.life\/zh\/#organization\"},\"potentialAction\":[{\"@type\":\"SearchAction\",\"target\":{\"@type\":\"EntryPoint\",\"urlTemplate\":\"https:\/\/save-us.life\/zh\/?s={search_term_string}\"},\"query-input\":{\"@type\":\"PropertyValueSpecification\",\"valueRequired\":true,\"valueName\":\"search_term_string\"}}],\"inLanguage\":\"zh-Hans\"},{\"@type\":\"Organization\",\"@id\":\"https:\/\/save-us.life\/zh\/#organization\",\"name\":\"Save Us\",\"url\":\"https:\/\/save-us.life\/zh\/\",\"logo\":{\"@type\":\"ImageObject\",\"inLanguage\":\"zh-Hans\",\"@id\":\"https:\/\/save-us.life\/zh\/#\/schema\/logo\/image\/\",\"url\":\"https:\/\/save-us.life\/wp-content\/uploads\/2023\/06\/cropped-SAVE_US_LOGO_AIGLEV6.png\",\"contentUrl\":\"https:\/\/save-us.life\/wp-content\/uploads\/2023\/06\/cropped-SAVE_US_LOGO_AIGLEV6.png\",\"width\":800,\"height\":800,\"caption\":\"Save Us\"},\"image\":{\"@id\":\"https:\/\/save-us.life\/zh\/#\/schema\/logo\/image\/\"}}]}<\/script>\n<!-- \/ Yoast SEO plugin. -->","yoast_head_json":{"title":"Page d\u2019exemple - Save Us","robots":{"index":"index","follow":"follow","max-snippet":"max-snippet:-1","max-image-preview":"max-image-preview:large","max-video-preview":"max-video-preview:-1"},"canonical":"https:\/\/save-us.life\/zh\/page-d-exemple\/","og_locale":"zh_CN","og_type":"article","og_title":"Page d\u2019exemple - Save Us","og_description":"Ceci est une page d\u2019exemple. C\u2019est diff\u00e9rent d\u2019un article de blog parce qu\u2019elle restera au m\u00eame endroit et appara\u00eetra dans la navigation de votre site (dans la plupart des th\u00e8mes). La plupart des gens commencent par une page \u00ab\u00a0\u00c0 propos\u00a0\u00bb qui les pr\u00e9sente aux personnes visitant le site. Cela pourrait ressembler \u00e0 quelque chose comme [&hellip;]","og_url":"https:\/\/save-us.life\/zh\/page-d-exemple\/","og_site_name":"Save Us","twitter_card":"summary_large_image","twitter_misc":{"\u9884\u8ba1\u9605\u8bfb\u65f6\u95f4":"1 \u5206"},"schema":{"@context":"https:\/\/schema.org","@graph":[{"@type":"WebPage","@id":"https:\/\/save-us.life\/page-d-exemple","url":"https:\/\/save-us.life\/page-d-exemple","name":"Page d\u2019exemple - Save Us","isPartOf":{"@id":"https:\/\/save-us.life\/zh\/#website"},"datePublished":"2023-02-20T21:34:35+00:00","breadcrumb":{"@id":"https:\/\/save-us.life\/page-d-exemple#breadcrumb"},"inLanguage":"zh-Hans","potentialAction":[{"@type":"ReadAction","target":["https:\/\/save-us.life\/page-d-exemple"]}]},{"@type":"BreadcrumbList","@id":"https:\/\/save-us.life\/page-d-exemple#breadcrumb","itemListElement":[{"@type":"ListItem","position":1,"name":"Home","item":"https:\/\/save-us.life\/zh\/"},{"@type":"ListItem","position":2,"name":"Page d\u2019exemple"}]},{"@type":"WebSite","@id":"https:\/\/save-us.life\/zh\/#website","url":"https:\/\/save-us.life\/zh\/","name":"Save Us","description":"","publisher":{"@id":"https:\/\/save-us.life\/zh\/#organization"},"potentialAction":[{"@type":"SearchAction","target":{"@type":"EntryPoint","urlTemplate":"https:\/\/save-us.life\/zh\/?s={search_term_string}"},"query-input":{"@type":"PropertyValueSpecification","valueRequired":true,"valueName":"search_term_string"}}],"inLanguage":"zh-Hans"},{"@type":"Organization","@id":"https:\/\/save-us.life\/zh\/#organization","name":"Save Us","url":"https:\/\/save-us.life\/zh\/","logo":{"@type":"ImageObject","inLanguage":"zh-Hans","@id":"https:\/\/save-us.life\/zh\/#\/schema\/logo\/image\/","url":"https:\/\/save-us.life\/wp-content\/uploads\/2023\/06\/cropped-SAVE_US_LOGO_AIGLEV6.png","contentUrl":"https:\/\/save-us.life\/wp-content\/uploads\/2023\/06\/cropped-SAVE_US_LOGO_AIGLEV6.png","width":800,"height":800,"caption":"Save Us"},"image":{"@id":"https:\/\/save-us.life\/zh\/#\/schema\/logo\/image\/"}}]}},"_links":{"self":[{"href":"https:\/\/save-us.life\/zh\/wp-json\/wp\/v2\/pages\/2","targetHints":{"allow":["GET"]}}],"collection":[{"href":"https:\/\/save-us.life\/zh\/wp-json\/wp\/v2\/pages"}],"about":[{"href":"https:\/\/save-us.life\/zh\/wp-json\/wp\/v2\/types\/page"}],"author":[{"embeddable":true,"href":"https:\/\/save-us.life\/zh\/wp-json\/wp\/v2\/users\/1"}],"replies":[{"embeddable":true,"href":"https:\/\/save-us.life\/zh\/wp-json\/wp\/v2\/comments?post=2"}],"version-history":[{"count":0,"href":"https:\/\/save-us.life\/zh\/wp-json\/wp\/v2\/pages\/2\/revisions"}],"wp:attachment":[{"href":"https:\/\/save-us.life\/zh\/wp-json\/wp\/v2\/media?parent=2"}],"curies":[{"name":"wp","href":"https:\/\/api.w.org\/{rel}","templated":true}]}}